{"id":1578,"date":"2023-08-04T07:04:41","date_gmt":"2023-08-04T07:04:41","guid":{"rendered":"https:\/\/gvs3.at\/?page_id=1578"},"modified":"2024-06-19T08:31:08","modified_gmt":"2024-06-19T08:31:08","slug":"history","status":"publish","type":"page","link":"https:\/\/gvs3.at\/en\/history\/","title":{"rendered":"History"},"content":{"rendered":"\n<div id=\"wp-block-themeisle-blocks-advanced-columns-8e86f4a8\" class=\"wp-block-themeisle-blocks-advanced-columns has-1-columns has-desktop-equal-layout has-tablet-equal-layout has-mobile-equal-layout has-vertical-unset\"><div class=\"wp-block-themeisle-blocks-advanced-columns-overlay\"><\/div><div class=\"innerblocks-wrap\">\n<div id=\"wp-block-themeisle-blocks-advanced-column-54e1f3fc\" class=\"wp-block-themeisle-blocks-advanced-column\">\n<p>Founded by dr. Matth\u00e4us Grilc in the year 1979, the law firm Grilc Vouk Ranz Zenz has vast knowledge of the commercial law and political relations in Slovenia, Croatia, Bosnia and Herzegovina, Serbia and Montenegro.<\/p>\n\n\n\n<p>Since the early 1980ies, the law firm Grilc Vouk Ranz Zenz has advised many companies from the former Yugoslavia now carrying out their business activities in Austria.<br>Since the independence of Slovenia, Croatia, Bosnia and Herzegovina and Serbia in the 1990ies, our law firm has regularly advised German and Austrian entities on their business activities in the successor states of the former Yugoslavia.<\/p>\n\n\n\n<p>The law firm Grilc Vouk Ranz Zenz was shareholder of the first private limited liability company with foreign shareholders established in the former Yugoslavia after 1945.<\/p>\n\n\n\n<p>Furthermore, the law firm Grilc Vouk Ranz Zenz is one of the founders of the SLG Slavia Law Group, a European association of lawyers specializing in the legal systems of Central and Eastern Europe.<\/p>\n<\/div>\n<\/div><\/div>\n\n\n\n<section id=\"wp-block-themeisle-blocks-advanced-columns-8ce1450c\" class=\"wp-block-themeisle-blocks-advanced-columns alignfull has-2-columns has-desktop-equal-layout has-tablet-equal-layout has-mobile-collapsedRows-layout has-vertical-unset has-vertical-undefined has-light-bg\"><div class=\"wp-block-themeisle-blocks-advanced-columns-overlay\"><\/div><div class=\"innerblocks-wrap\">\n<div id=\"wp-block-themeisle-blocks-advanced-column-3545d755\" class=\"wp-block-themeisle-blocks-advanced-column\">\n<p id=\"wp-block-themeisle-blocks-advanced-heading-546d0222\" class=\"wp-block-themeisle-blocks-advanced-heading wp-block-themeisle-blocks-advanced-heading-546d0222\">Border crossers. Grenzg\u00e4nger.<\/p>\n\n\n\n<figure class=\"wp-block-image size-large\"><img data-opt-id=1812669265  fetchpriority=\"high\" decoding=\"async\" width=\"1024\" height=\"1017\" src=\"https:\/\/ml0e6nha4yzc.i.optimole.com\/w:1024\/h:1017\/q:mauto\/f:best\/https:\/\/gvs3.at\/wp-content\/uploads\/2024\/06\/titel_english.png\" alt=\"\" class=\"wp-image-1579\" srcset=\"https:\/\/ml0e6nha4yzc.i.optimole.com\/w:1024\/h:1017\/q:mauto\/f:best\/https:\/\/gvs3.at\/wp-content\/uploads\/2024\/06\/titel_english.png 1024w, https:\/\/ml0e6nha4yzc.i.optimole.com\/w:300\/h:298\/q:mauto\/f:best\/https:\/\/gvs3.at\/wp-content\/uploads\/2024\/06\/titel_english.png 300w, https:\/\/ml0e6nha4yzc.i.optimole.com\/w:150\/h:150\/q:mauto\/f:best\/https:\/\/gvs3.at\/wp-content\/uploads\/2024\/06\/titel_english.png 150w, https:\/\/ml0e6nha4yzc.i.optimole.com\/w:768\/h:762\/q:mauto\/f:best\/https:\/\/gvs3.at\/wp-content\/uploads\/2024\/06\/titel_english.png 768w, https:\/\/ml0e6nha4yzc.i.optimole.com\/w:1087\/h:1080\/q:mauto\/f:best\/https:\/\/gvs3.at\/wp-content\/uploads\/2024\/06\/titel_english.png 1536w, https:\/\/ml0e6nha4yzc.i.optimole.com\/w:1087\/h:1080\/q:mauto\/f:best\/https:\/\/gvs3.at\/wp-content\/uploads\/2024\/06\/titel_english.png 1912w\" sizes=\"(max-width: 1024px) 100vw, 1024px\" \/><\/figure>\n<\/div>\n\n\n\n<div id=\"wp-block-themeisle-blocks-advanced-column-930cecb6\" class=\"wp-block-themeisle-blocks-advanced-column\">\n<div id=\"wp-block-themeisle-blocks-advanced-columns-143aa85b\" class=\"wp-block-themeisle-blocks-advanced-columns has-1-columns has-desktop-equal-layout has-tablet-equal-layout hide-in-mobile has-vertical-unset\"><div class=\"wp-block-themeisle-blocks-advanced-columns-overlay\"><\/div><div class=\"innerblocks-wrap\">\n<div id=\"wp-block-themeisle-blocks-advanced-column-f6a6ac0e\" class=\"wp-block-themeisle-blocks-advanced-column\">\n<div style=\"height:193px\" aria-hidden=\"true\" class=\"wp-block-spacer\"><\/div>\n<\/div>\n<\/div><\/div>\n\n\n\n<div style=\"height:20px\" aria-hidden=\"true\" class=\"wp-block-spacer\"><\/div>\n\n\n\n<p>Border crossers. Grenzg\u00e4nger. Malo \u010dez. This motto briefly and concisely describes what distinguishes the grilc vouk \u0161kof law firm and what it stands for. Border crossers. Grenzg\u00e4nger. Malo \u010dez. It is not only to be understood from a geographical point of view. The grilc vouk \u0161kof law firm is active in Austria as well as in Slovenia and the other successor states of the former Yugoslavia. Border crossers. Grenzg\u00e4nger. Malo \u010dez. It also stands for the approach with which the grilc vouk \u0161kof law firm is tirelessly seeking solutions to the legal problems of its clients.<\/p>\n\n\n\n<div class=\"wp-block-buttons is-layout-flex wp-block-buttons-is-layout-flex\">\n<div class=\"wp-block-button is-style-secondary\"><a class=\"wp-block-button__link wp-element-button\" href=\"http:\/\/gvs3.at\/wp-content\/uploads\/2023\/11\/JUBILJENABROSURA_40gvs3-screen.pdf\">Zbornik v digitalni obliki (PDF, 3 MB)<\/a><\/div>\n<\/div>\n<\/div>\n<\/div><\/section>\n\n\n\n<section id=\"wp-block-themeisle-blocks-advanced-columns-33bf6f09\" class=\"wp-block-themeisle-blocks-advanced-columns alignfull has-2-columns has-desktop-equal-layout has-tablet-equal-layout has-mobile-collapsedRows-layout has-vertical-unset has-vertical-undefined has-light-bg\"><div class=\"wp-block-themeisle-blocks-advanced-columns-overlay\"><\/div><div class=\"innerblocks-wrap\">\n<div id=\"wp-block-themeisle-blocks-advanced-column-23e9cbab\" class=\"wp-block-themeisle-blocks-advanced-column\">\n<p id=\"wp-block-themeisle-blocks-advanced-heading-fc3361f3\" class=\"wp-block-themeisle-blocks-advanced-heading wp-block-themeisle-blocks-advanced-heading-fc3361f3\">The Beginnings and the Early Development of Grilc &amp; Partner<\/p>\n\n\n\n<figure class=\"wp-block-image size-full\"><img data-opt-id=385606080  fetchpriority=\"high\" decoding=\"async\" width=\"1024\" height=\"683\" src=\"https:\/\/ml0e6nha4yzc.i.optimole.com\/w:auto\/h:auto\/q:mauto\/f:best\/https:\/\/gvs3.at\/wp-content\/uploads\/2023\/11\/ilustrationsbild_01-40jubilejgrilcvoukskof_web.jpg\" alt=\"\" class=\"wp-image-722\" srcset=\"https:\/\/ml0e6nha4yzc.i.optimole.com\/w:1024\/h:683\/q:mauto\/f:best\/https:\/\/gvs3.at\/wp-content\/uploads\/2023\/11\/ilustrationsbild_01-40jubilejgrilcvoukskof_web.jpg 1024w, https:\/\/ml0e6nha4yzc.i.optimole.com\/w:300\/h:200\/q:mauto\/f:best\/https:\/\/gvs3.at\/wp-content\/uploads\/2023\/11\/ilustrationsbild_01-40jubilejgrilcvoukskof_web.jpg 300w, https:\/\/ml0e6nha4yzc.i.optimole.com\/w:768\/h:512\/q:mauto\/f:best\/https:\/\/gvs3.at\/wp-content\/uploads\/2023\/11\/ilustrationsbild_01-40jubilejgrilcvoukskof_web.jpg 768w, https:\/\/ml0e6nha4yzc.i.optimole.com\/w:930\/h:620\/q:mauto\/f:best\/https:\/\/gvs3.at\/wp-content\/uploads\/2023\/11\/ilustrationsbild_01-40jubilejgrilcvoukskof_web.jpg 930w\" sizes=\"(max-width: 1024px) 100vw, 1024px\" \/><\/figure>\n<\/div>\n\n\n\n<div id=\"wp-block-themeisle-blocks-advanced-column-b0e04911\" class=\"wp-block-themeisle-blocks-advanced-column\">\n<div id=\"wp-block-themeisle-blocks-advanced-columns-5cfb49e1\" class=\"wp-block-themeisle-blocks-advanced-columns has-1-columns has-desktop-equal-layout has-tablet-equal-layout hide-in-mobile has-vertical-unset\"><div class=\"wp-block-themeisle-blocks-advanced-columns-overlay\"><\/div><div class=\"innerblocks-wrap\">\n<div id=\"wp-block-themeisle-blocks-advanced-column-33daa009\" class=\"wp-block-themeisle-blocks-advanced-column\">\n<div style=\"height:193px\" aria-hidden=\"true\" class=\"wp-block-spacer\"><\/div>\n<\/div>\n<\/div><\/div>\n\n\n\n<div style=\"height:20px\" aria-hidden=\"true\" class=\"wp-block-spacer\"><\/div>\n\n\n\n<p>On July 1st, 1979, the law firm now called GRILC-VOUK-\u0160KOF started to operate. On that day and at the same address where the law firm still has its premises today, Dr Matev\u017e Grilc opened the law firm in a small room. Through time the lawyers Dr Ronald Grilc, Mag. Rudolf Vouk and finally Dr Marija \u0160kof joined the firm and it became the widely known law firm it is today. With every new partner, the field of activity and the radius of action increased.<\/p>\n\n\n\n<p>In the coming weeks and months we are going to present important events from the 40-year-old history of the firm, significant rulings, key achievements, as well as the development of the legal firm, which is anchored in the small minority of Carinthian Slovenes, and which does not only work on both sides of the border in Austria and Slovenia, but literally throughout Europe. We kindly invite you to join us.<\/p>\n\n\n\n<div class=\"wp-block-buttons is-layout-flex wp-block-buttons-is-layout-flex\">\n<div class=\"wp-block-button is-style-secondary\"><a class=\"wp-block-button__link wp-element-button\" href=\"http:\/\/gvs3.at\/wp-content\/uploads\/2023\/11\/SLO-40letgrilcvoukskof.pdf\">Prispevek v celoti (PDF, 81 KB)<\/a><\/div>\n<\/div>\n<\/div>\n<\/div><\/section>\n","protected":false},"excerpt":{"rendered":"","protected":false},"author":1,"featured_media":0,"parent":0,"menu_order":0,"comment_status":"closed","ping_status":"open","template":"","meta":{"neve_meta_sidebar":"","neve_meta_container":"","neve_meta_enable_content_width":"","neve_meta_content_width":0,"neve_meta_title_alignment":"","neve_meta_author_avatar":"","neve_post_elements_order":"","neve_meta_disable_header":"","neve_meta_disable_footer":"","neve_meta_disable_title":"","neve_meta_reading_time":"","_themeisle_gutenberg_block_has_review":false,"footnotes":""},"class_list":["post-1578","page","type-page","status-publish","hentry"],"yoast_head":"<!-- This site is optimized with the Yoast SEO plugin v25.1 - https:\/\/yoast.com\/wordpress\/plugins\/seo\/ -->\n<title>History - Grilc Vouk Ranc<\/title>\n<meta name=\"robots\" content=\"index, follow, max-snippet:-1, max-image-preview:large, max-video-preview:-1\" \/>\n<link rel=\"canonical\" href=\"https:\/\/gvs3.at\/en\/history\/\" \/>\n<meta property=\"og:locale\" content=\"en_US\" \/>\n<meta property=\"og:type\" content=\"article\" \/>\n<meta property=\"og:title\" content=\"History - Grilc Vouk Ranc\" \/>\n<meta property=\"og:url\" content=\"https:\/\/gvs3.at\/en\/history\/\" \/>\n<meta property=\"og:site_name\" content=\"Grilc Vouk Ranc\" \/>\n<meta property=\"article:publisher\" content=\"https:\/\/www.facebook.com\/grilcvoukskof3\" \/>\n<meta property=\"article:modified_time\" content=\"2024-06-19T08:31:08+00:00\" \/>\n<meta property=\"og:image\" content=\"https:\/\/ml0e6nha4yzc.i.optimole.com\/w:1024\/h:1017\/q:mauto\/f:best\/https:\/\/gvs3.at\/wp-content\/uploads\/2024\/06\/titel_english.png\" \/>\n<meta name=\"twitter:card\" content=\"summary_large_image\" \/>\n<meta name=\"twitter:label1\" content=\"Est. reading time\" \/>\n\t<meta name=\"twitter:data1\" content=\"3 minutes\" \/>\n<script type=\"application\/ld+json\" class=\"yoast-schema-graph\">{\"@context\":\"https:\/\/schema.org\",\"@graph\":[{\"@type\":\"WebPage\",\"@id\":\"https:\/\/gvs3.at\/en\/history\/\",\"url\":\"https:\/\/gvs3.at\/en\/history\/\",\"name\":\"History - Grilc Vouk Ranc\",\"isPartOf\":{\"@id\":\"https:\/\/gvs3.at\/en\/#website\"},\"primaryImageOfPage\":{\"@id\":\"https:\/\/gvs3.at\/en\/history\/#primaryimage\"},\"image\":{\"@id\":\"https:\/\/gvs3.at\/en\/history\/#primaryimage\"},\"thumbnailUrl\":\"https:\/\/ml0e6nha4yzc.i.optimole.com\/w:1024\/h:1017\/q:mauto\/f:best\/https:\/\/gvs3.at\/wp-content\/uploads\/2024\/06\/titel_english.png\",\"datePublished\":\"2023-08-04T07:04:41+00:00\",\"dateModified\":\"2024-06-19T08:31:08+00:00\",\"breadcrumb\":{\"@id\":\"https:\/\/gvs3.at\/en\/history\/#breadcrumb\"},\"inLanguage\":\"en-US\",\"potentialAction\":[{\"@type\":\"ReadAction\",\"target\":[\"https:\/\/gvs3.at\/en\/history\/\"]}]},{\"@type\":\"ImageObject\",\"inLanguage\":\"en-US\",\"@id\":\"https:\/\/gvs3.at\/en\/history\/#primaryimage\",\"url\":\"https:\/\/ml0e6nha4yzc.i.optimole.com\/w:1024\/h:1017\/q:mauto\/f:best\/https:\/\/gvs3.at\/wp-content\/uploads\/2024\/06\/titel_english.png\",\"contentUrl\":\"https:\/\/ml0e6nha4yzc.i.optimole.com\/w:1024\/h:1017\/q:mauto\/f:best\/https:\/\/gvs3.at\/wp-content\/uploads\/2024\/06\/titel_english.png\"},{\"@type\":\"BreadcrumbList\",\"@id\":\"https:\/\/gvs3.at\/en\/history\/#breadcrumb\",\"itemListElement\":[{\"@type\":\"ListItem\",\"position\":1,\"name\":\"Homepage\",\"item\":\"https:\/\/gvs3.at\/en\/\"},{\"@type\":\"ListItem\",\"position\":2,\"name\":\"History\"}]},{\"@type\":\"WebSite\",\"@id\":\"https:\/\/gvs3.at\/en\/#website\",\"url\":\"https:\/\/gvs3.at\/en\/\",\"name\":\"Grilc Vouk Ranc Zenz\",\"description\":\"Odvetniki | Rechtsanw\u00e4lte | advokati | odvjetnici | lawyers\",\"publisher\":{\"@id\":\"https:\/\/gvs3.at\/en\/#organization\"},\"alternateName\":\"GVRZ\",\"potentialAction\":[{\"@type\":\"SearchAction\",\"target\":{\"@type\":\"EntryPoint\",\"urlTemplate\":\"https:\/\/gvs3.at\/en\/?s={search_term_string}\"},\"query-input\":{\"@type\":\"PropertyValueSpecification\",\"valueRequired\":true,\"valueName\":\"search_term_string\"}}],\"inLanguage\":\"en-US\"},{\"@type\":\"Organization\",\"@id\":\"https:\/\/gvs3.at\/en\/#organization\",\"name\":\"Grilc Vouk Ranc Zenz\",\"alternateName\":\"GVRZ\",\"url\":\"https:\/\/gvs3.at\/en\/\",\"logo\":{\"@type\":\"ImageObject\",\"inLanguage\":\"en-US\",\"@id\":\"https:\/\/gvs3.at\/en\/#\/schema\/logo\/image\/\",\"url\":\"https:\/\/ml0e6nha4yzc.i.optimole.com\/w:auto\/h:auto\/q:mauto\/f:best\/http:\/\/gvs3.at\/wp-content\/uploads\/2023\/11\/logo.png\",\"contentUrl\":\"https:\/\/ml0e6nha4yzc.i.optimole.com\/w:auto\/h:auto\/q:mauto\/f:best\/http:\/\/gvs3.at\/wp-content\/uploads\/2023\/11\/logo.png\",\"width\":696,\"height\":696,\"caption\":\"Grilc Vouk Ranc Zenz\"},\"image\":{\"@id\":\"https:\/\/gvs3.at\/en\/#\/schema\/logo\/image\/\"},\"sameAs\":[\"https:\/\/www.facebook.com\/grilcvoukskof3\",\"https:\/\/www.linkedin.com\/in\/grilc-vouk-ranc-zenz-rechtsanw\u00e4lte-odvetniki-attorneys-at-law-b2a404280\/\"]}]}<\/script>\n<!-- \/ Yoast SEO plugin. -->","yoast_head_json":{"title":"History - Grilc Vouk Ranc","robots":{"index":"index","follow":"follow","max-snippet":"max-snippet:-1","max-image-preview":"max-image-preview:large","max-video-preview":"max-video-preview:-1"},"canonical":"https:\/\/gvs3.at\/en\/history\/","og_locale":"en_US","og_type":"article","og_title":"History - Grilc Vouk Ranc","og_url":"https:\/\/gvs3.at\/en\/history\/","og_site_name":"Grilc Vouk Ranc","article_publisher":"https:\/\/www.facebook.com\/grilcvoukskof3","article_modified_time":"2024-06-19T08:31:08+00:00","og_image":[{"url":"https:\/\/ml0e6nha4yzc.i.optimole.com\/w:1024\/h:1017\/q:mauto\/f:best\/https:\/\/gvs3.at\/wp-content\/uploads\/2024\/06\/titel_english.png","type":"","width":"","height":""}],"twitter_card":"summary_large_image","twitter_misc":{"Est. reading time":"3 minutes"},"schema":{"@context":"https:\/\/schema.org","@graph":[{"@type":"WebPage","@id":"https:\/\/gvs3.at\/en\/history\/","url":"https:\/\/gvs3.at\/en\/history\/","name":"History - Grilc Vouk Ranc","isPartOf":{"@id":"https:\/\/gvs3.at\/en\/#website"},"primaryImageOfPage":{"@id":"https:\/\/gvs3.at\/en\/history\/#primaryimage"},"image":{"@id":"https:\/\/gvs3.at\/en\/history\/#primaryimage"},"thumbnailUrl":"https:\/\/ml0e6nha4yzc.i.optimole.com\/w:1024\/h:1017\/q:mauto\/f:best\/https:\/\/gvs3.at\/wp-content\/uploads\/2024\/06\/titel_english.png","datePublished":"2023-08-04T07:04:41+00:00","dateModified":"2024-06-19T08:31:08+00:00","breadcrumb":{"@id":"https:\/\/gvs3.at\/en\/history\/#breadcrumb"},"inLanguage":"en-US","potentialAction":[{"@type":"ReadAction","target":["https:\/\/gvs3.at\/en\/history\/"]}]},{"@type":"ImageObject","inLanguage":"en-US","@id":"https:\/\/gvs3.at\/en\/history\/#primaryimage","url":"https:\/\/ml0e6nha4yzc.i.optimole.com\/w:1024\/h:1017\/q:mauto\/f:best\/https:\/\/gvs3.at\/wp-content\/uploads\/2024\/06\/titel_english.png","contentUrl":"https:\/\/ml0e6nha4yzc.i.optimole.com\/w:1024\/h:1017\/q:mauto\/f:best\/https:\/\/gvs3.at\/wp-content\/uploads\/2024\/06\/titel_english.png"},{"@type":"BreadcrumbList","@id":"https:\/\/gvs3.at\/en\/history\/#breadcrumb","itemListElement":[{"@type":"ListItem","position":1,"name":"Homepage","item":"https:\/\/gvs3.at\/en\/"},{"@type":"ListItem","position":2,"name":"History"}]},{"@type":"WebSite","@id":"https:\/\/gvs3.at\/en\/#website","url":"https:\/\/gvs3.at\/en\/","name":"Grilc Vouk Ranc Zenz","description":"Odvetniki | Rechtsanw\u00e4lte | advokati | odvjetnici | lawyers","publisher":{"@id":"https:\/\/gvs3.at\/en\/#organization"},"alternateName":"GVRZ","potentialAction":[{"@type":"SearchAction","target":{"@type":"EntryPoint","urlTemplate":"https:\/\/gvs3.at\/en\/?s={search_term_string}"},"query-input":{"@type":"PropertyValueSpecification","valueRequired":true,"valueName":"search_term_string"}}],"inLanguage":"en-US"},{"@type":"Organization","@id":"https:\/\/gvs3.at\/en\/#organization","name":"Grilc Vouk Ranc Zenz","alternateName":"GVRZ","url":"https:\/\/gvs3.at\/en\/","logo":{"@type":"ImageObject","inLanguage":"en-US","@id":"https:\/\/gvs3.at\/en\/#\/schema\/logo\/image\/","url":"https:\/\/ml0e6nha4yzc.i.optimole.com\/w:auto\/h:auto\/q:mauto\/f:best\/http:\/\/gvs3.at\/wp-content\/uploads\/2023\/11\/logo.png","contentUrl":"https:\/\/ml0e6nha4yzc.i.optimole.com\/w:auto\/h:auto\/q:mauto\/f:best\/http:\/\/gvs3.at\/wp-content\/uploads\/2023\/11\/logo.png","width":696,"height":696,"caption":"Grilc Vouk Ranc Zenz"},"image":{"@id":"https:\/\/gvs3.at\/en\/#\/schema\/logo\/image\/"},"sameAs":["https:\/\/www.facebook.com\/grilcvoukskof3","https:\/\/www.linkedin.com\/in\/grilc-vouk-ranc-zenz-rechtsanw\u00e4lte-odvetniki-attorneys-at-law-b2a404280\/"]}]}},"_links":{"self":[{"href":"https:\/\/gvs3.at\/en\/wp-json\/wp\/v2\/pages\/1578","targetHints":{"allow":["GET"]}}],"collection":[{"href":"https:\/\/gvs3.at\/en\/wp-json\/wp\/v2\/pages"}],"about":[{"href":"https:\/\/gvs3.at\/en\/wp-json\/wp\/v2\/types\/page"}],"author":[{"embeddable":true,"href":"https:\/\/gvs3.at\/en\/wp-json\/wp\/v2\/users\/1"}],"replies":[{"embeddable":true,"href":"https:\/\/gvs3.at\/en\/wp-json\/wp\/v2\/comments?post=1578"}],"version-history":[{"count":3,"href":"https:\/\/gvs3.at\/en\/wp-json\/wp\/v2\/pages\/1578\/revisions"}],"predecessor-version":[{"id":1607,"href":"https:\/\/gvs3.at\/en\/wp-json\/wp\/v2\/pages\/1578\/revisions\/1607"}],"wp:attachment":[{"href":"https:\/\/gvs3.at\/en\/wp-json\/wp\/v2\/media?parent=1578"}],"curies":[{"name":"wp","href":"https:\/\/api.w.org\/{rel}","templated":true}]}}